{"id":556,"date":"2022-05-10T15:47:49","date_gmt":"2022-05-10T15:47:49","guid":{"rendered":"https:\/\/training.encrypt40.eu\/?page_id=556"},"modified":"2022-06-27T11:16:16","modified_gmt":"2022-06-27T11:16:16","slug":"home-ro","status":"publish","type":"page","link":"https:\/\/training.encrypt40.eu\/ro\/","title":{"rendered":"Home &#8211; RO"},"content":{"rendered":"\t\t<div data-elementor-type=\"wp-page\" data-elementor-id=\"556\" class=\"elementor elementor-556\">\n\t\t\t\t\t\t<section class=\"elementor-section elementor-top-section elementor-element elementor-element-2ab89f86 elementor-section-full_width elementor-section-height-default elementor-section-height-default\" data-id=\"2ab89f86\" data-element_type=\"section\" data-settings=\"{&quot;background_background&quot;:&quot;classic&quot;}\">\n\t\t\t\t\t\t<div class=\"elementor-container elementor-column-gap-no\">\n\t\t\t\t\t<div class=\"elementor-column elementor-col-25 elementor-top-column elementor-element elementor-element-2a758911 ot-flex-column-vertical\" data-id=\"2a758911\" data-element_type=\"column\">\n\t\t\t<div class=\"elementor-widget-wrap elementor-element-populated\">\n\t\t\t\t\t\t<div class=\"elementor-element elementor-element-252defe elementor-widget elementor-widget-iservice_box2\" data-id=\"252defe\" data-element_type=\"widget\" data-widget_type=\"iservice_box2.default\">\n\t\t\t\t<div class=\"elementor-widget-container\">\n\t\t\t\t\t\r\n\t\t\r\n\t\t<div class=\"service-box-2 elementor-animation-float\">\r\n\t        <div class=\"content-box\">\r\n\t            <h5 class=\"service-box-title\">LAB 1<\/h5>\r\n\t            <p>Re\u021bele <br>industriale<\/p>\r\n\t        <\/div>\r\n\t\t\t<a href=\"https:\/\/training.encrypt40.eu\/ro\/courses\/lab-1\/\" target=\"_blank\" class=\"octf-btn octf-btn-secondary octf-btn-icon\">\u00cencepe acum <i class=\"flaticon-right-arrow-1\"><\/i><\/a>\r\n\t    <\/div>\r\n\r\n\t    \t\t\t\t<\/div>\n\t\t\t\t<\/div>\n\t\t\t\t\t<\/div>\n\t\t<\/div>\n\t\t\t\t<div class=\"elementor-column elementor-col-25 elementor-top-column elementor-element elementor-element-b42f08a ot-flex-column-vertical\" data-id=\"b42f08a\" data-element_type=\"column\">\n\t\t\t<div class=\"elementor-widget-wrap elementor-element-populated\">\n\t\t\t\t\t\t<div class=\"elementor-element elementor-element-ec48e11 elementor-widget elementor-widget-iservice_box2\" data-id=\"ec48e11\" data-element_type=\"widget\" data-widget_type=\"iservice_box2.default\">\n\t\t\t\t<div class=\"elementor-widget-container\">\n\t\t\t\t\t\r\n\t\t\r\n\t\t<div class=\"service-box-2 elementor-animation-float\">\r\n\t        <div class=\"content-box\">\r\n\t            <h5 class=\"service-box-title\">LAB 2<\/h5>\r\n\t            <p>Cyber threats <br>& vulnerabilities<\/p>\r\n\t        <\/div>\r\n\t\t\t<a href=\"https:\/\/training.encrypt40.eu\/ro\/courses\/lab-2\/\" target=\"_blank\" class=\"octf-btn octf-btn-secondary octf-btn-icon\">\u00cencepe acum <i class=\"flaticon-right-arrow-1\"><\/i><\/a>\r\n\t    <\/div>\r\n\r\n\t    \t\t\t\t<\/div>\n\t\t\t\t<\/div>\n\t\t\t\t\t<\/div>\n\t\t<\/div>\n\t\t\t\t<div class=\"elementor-column elementor-col-25 elementor-top-column elementor-element elementor-element-5fedcce ot-flex-column-vertical\" data-id=\"5fedcce\" data-element_type=\"column\">\n\t\t\t<div class=\"elementor-widget-wrap elementor-element-populated\">\n\t\t\t\t\t\t<div class=\"elementor-element elementor-element-07c3cc4 elementor-widget elementor-widget-iservice_box2\" data-id=\"07c3cc4\" data-element_type=\"widget\" data-widget_type=\"iservice_box2.default\">\n\t\t\t\t<div class=\"elementor-widget-container\">\n\t\t\t\t\t\r\n\t\t\r\n\t\t<div class=\"service-box-2 elementor-animation-float\">\r\n\t        <div class=\"content-box\">\r\n\t            <h5 class=\"service-box-title\">LAB 3<\/h5>\r\n\t            <p>Hacking <br>etic<\/p>\r\n\t        <\/div>\r\n\t\t\t<a href=\"https:\/\/training.encrypt40.eu\/ro\/courses\/lab-3\/\" target=\"_blank\" class=\"octf-btn octf-btn-secondary octf-btn-icon\">\u00cencepe acum <i class=\"flaticon-right-arrow-1\"><\/i><\/a>\r\n\t    <\/div>\r\n\r\n\t    \t\t\t\t<\/div>\n\t\t\t\t<\/div>\n\t\t\t\t\t<\/div>\n\t\t<\/div>\n\t\t\t\t<div class=\"elementor-column elementor-col-25 elementor-top-column elementor-element elementor-element-4e5c039 ot-flex-column-vertical\" data-id=\"4e5c039\" data-element_type=\"column\">\n\t\t\t<div class=\"elementor-widget-wrap elementor-element-populated\">\n\t\t\t\t\t\t<div class=\"elementor-element elementor-element-694374e elementor-widget elementor-widget-iservice_box2\" data-id=\"694374e\" data-element_type=\"widget\" data-widget_type=\"iservice_box2.default\">\n\t\t\t\t<div class=\"elementor-widget-container\">\n\t\t\t\t\t\r\n\t\t\r\n\t\t<div class=\"service-box-2 elementor-animation-float\">\r\n\t        <div class=\"content-box\">\r\n\t            <h5 class=\"service-box-title\">Teste<\/h5>\r\n\t            <p>Evaluarea <br>\ncuno\u0219tin\u021belor<\/p>\r\n\t        <\/div>\r\n\t\t\t<a href=\"https:\/\/training.encrypt40.eu\/ro\/courses\/knowledge-assesment\/\" target=\"_blank\" class=\"octf-btn octf-btn-secondary octf-btn-icon\">\u00cencepe acum <i class=\"flaticon-right-arrow-1\"><\/i><\/a>\r\n\t    <\/div>\r\n\r\n\t    \t\t\t\t<\/div>\n\t\t\t\t<\/div>\n\t\t\t\t\t<\/div>\n\t\t<\/div>\n\t\t\t\t\t<\/div>\n\t\t<\/section>\n\t\t\t\t<\/div>\n\t\t","protected":false},"excerpt":{"rendered":"<p>LAB 1 Re\u021bele industriale \u00cencepe acum LAB 2 Cyber threats &amp; vulnerabilities \u00cencepe acum LAB 3 Hacking etic \u00cencepe acum Teste Evaluarea cuno\u0219tin\u021belor \u00cencepe acum<\/p>\n","protected":false},"author":1,"featured_media":0,"parent":0,"menu_order":0,"comment_status":"closed","ping_status":"closed","template":"","meta":{"footnotes":""},"class_list":["post-556","page","type-page","status-publish","hentry"],"_links":{"self":[{"href":"https:\/\/training.encrypt40.eu\/ro\/wp-json\/wp\/v2\/pages\/556","targetHints":{"allow":["GET"]}}],"collection":[{"href":"https:\/\/training.encrypt40.eu\/ro\/wp-json\/wp\/v2\/pages"}],"about":[{"href":"https:\/\/training.encrypt40.eu\/ro\/wp-json\/wp\/v2\/types\/page"}],"author":[{"embeddable":true,"href":"https:\/\/training.encrypt40.eu\/ro\/wp-json\/wp\/v2\/users\/1"}],"replies":[{"embeddable":true,"href":"https:\/\/training.encrypt40.eu\/ro\/wp-json\/wp\/v2\/comments?post=556"}],"version-history":[{"count":0,"href":"https:\/\/training.encrypt40.eu\/ro\/wp-json\/wp\/v2\/pages\/556\/revisions"}],"wp:attachment":[{"href":"https:\/\/training.encrypt40.eu\/ro\/wp-json\/wp\/v2\/media?parent=556"}],"curies":[{"name":"wp","href":"https:\/\/api.w.org\/{rel}","templated":true}]}}