{"id":557,"date":"2022-05-10T15:47:59","date_gmt":"2022-05-10T15:47:59","guid":{"rendered":"https:\/\/training.encrypt40.eu\/?page_id=557"},"modified":"2022-07-20T21:44:47","modified_gmt":"2022-07-20T21:44:47","slug":"home-pt","status":"publish","type":"page","link":"https:\/\/training.encrypt40.eu\/pt-pt\/","title":{"rendered":"Home &#8211; PT"},"content":{"rendered":"\t\t<div data-elementor-type=\"wp-page\" data-elementor-id=\"557\" class=\"elementor elementor-557\">\n\t\t\t\t\t\t<section class=\"elementor-section elementor-top-section elementor-element elementor-element-2ab89f86 elementor-section-full_width elementor-section-height-default elementor-section-height-default\" data-id=\"2ab89f86\" data-element_type=\"section\" data-settings=\"{&quot;background_background&quot;:&quot;classic&quot;}\">\n\t\t\t\t\t\t<div class=\"elementor-container elementor-column-gap-no\">\n\t\t\t\t\t<div class=\"elementor-column elementor-col-25 elementor-top-column elementor-element elementor-element-2a758911 ot-flex-column-vertical\" data-id=\"2a758911\" data-element_type=\"column\">\n\t\t\t<div class=\"elementor-widget-wrap elementor-element-populated\">\n\t\t\t\t\t\t<div class=\"elementor-element elementor-element-252defe elementor-widget elementor-widget-iservice_box2\" data-id=\"252defe\" data-element_type=\"widget\" data-widget_type=\"iservice_box2.default\">\n\t\t\t\t<div class=\"elementor-widget-container\">\n\t\t\t\t\t\r\n\t\t\r\n\t\t<div class=\"service-box-2 elementor-animation-float\">\r\n\t        <div class=\"content-box\">\r\n\t            <h5 class=\"service-box-title\">Laborat\u00f3rio 1<\/h5>\r\n\t            <p>Redes<br> industriais<\/p>\r\n\t        <\/div>\r\n\t\t\t<a href=\"https:\/\/training.encrypt40.eu\/pt-pt\/courses\/lab-1\/\" target=\"_blank\" class=\"octf-btn octf-btn-secondary octf-btn-icon\">Comece agora <i class=\"flaticon-right-arrow-1\"><\/i><\/a>\r\n\t    <\/div>\r\n\r\n\t    \t\t\t\t<\/div>\n\t\t\t\t<\/div>\n\t\t\t\t\t<\/div>\n\t\t<\/div>\n\t\t\t\t<div class=\"elementor-column elementor-col-25 elementor-top-column elementor-element elementor-element-b42f08a ot-flex-column-vertical\" data-id=\"b42f08a\" data-element_type=\"column\">\n\t\t\t<div class=\"elementor-widget-wrap elementor-element-populated\">\n\t\t\t\t\t\t<div class=\"elementor-element elementor-element-ec48e11 elementor-widget elementor-widget-iservice_box2\" data-id=\"ec48e11\" data-element_type=\"widget\" data-widget_type=\"iservice_box2.default\">\n\t\t\t\t<div class=\"elementor-widget-container\">\n\t\t\t\t\t\r\n\t\t\r\n\t\t<div class=\"service-box-2 elementor-animation-float\">\r\n\t        <div class=\"content-box\">\r\n\t            <h5 class=\"service-box-title\">Laborat\u00f3rio 2<\/h5>\r\n\t            <p>Amea\u00e7as cibern\u00e9ticas <br>e vulnerabilidades<\/p>\r\n\t        <\/div>\r\n\t\t\t<a href=\"https:\/\/training.encrypt40.eu\/pt-pt\/courses\/lab-2\/\" target=\"_blank\" class=\"octf-btn octf-btn-secondary octf-btn-icon\">Comece agora <i class=\"flaticon-right-arrow-1\"><\/i><\/a>\r\n\t    <\/div>\r\n\r\n\t    \t\t\t\t<\/div>\n\t\t\t\t<\/div>\n\t\t\t\t\t<\/div>\n\t\t<\/div>\n\t\t\t\t<div class=\"elementor-column elementor-col-25 elementor-top-column elementor-element elementor-element-5fedcce ot-flex-column-vertical\" data-id=\"5fedcce\" data-element_type=\"column\">\n\t\t\t<div class=\"elementor-widget-wrap elementor-element-populated\">\n\t\t\t\t\t\t<div class=\"elementor-element elementor-element-07c3cc4 elementor-widget elementor-widget-iservice_box2\" data-id=\"07c3cc4\" data-element_type=\"widget\" data-widget_type=\"iservice_box2.default\">\n\t\t\t\t<div class=\"elementor-widget-container\">\n\t\t\t\t\t\r\n\t\t\r\n\t\t<div class=\"service-box-2 elementor-animation-float\">\r\n\t        <div class=\"content-box\">\r\n\t            <h5 class=\"service-box-title\">Laborat\u00f3rio 3<\/h5>\r\n\t            <p>Hacking <br>\u00e9tico<\/p>\r\n\t        <\/div>\r\n\t\t\t<a href=\"https:\/\/training.encrypt40.eu\/pt-pt\/courses\/lab-3\/\" target=\"_blank\" class=\"octf-btn octf-btn-secondary octf-btn-icon\">Comece agora <i class=\"flaticon-right-arrow-1\"><\/i><\/a>\r\n\t    <\/div>\r\n\r\n\t    \t\t\t\t<\/div>\n\t\t\t\t<\/div>\n\t\t\t\t\t<\/div>\n\t\t<\/div>\n\t\t\t\t<div class=\"elementor-column elementor-col-25 elementor-top-column elementor-element elementor-element-d5f36ab ot-flex-column-vertical\" data-id=\"d5f36ab\" data-element_type=\"column\">\n\t\t\t<div class=\"elementor-widget-wrap elementor-element-populated\">\n\t\t\t\t\t\t<div class=\"elementor-element elementor-element-5fbec3c elementor-widget elementor-widget-iservice_box2\" data-id=\"5fbec3c\" data-element_type=\"widget\" data-widget_type=\"iservice_box2.default\">\n\t\t\t\t<div class=\"elementor-widget-container\">\n\t\t\t\t\t\r\n\t\t\r\n\t\t<div class=\"service-box-2 elementor-animation-float\">\r\n\t        <div class=\"content-box\">\r\n\t            <h5 class=\"service-box-title\">Quizzes<\/h5>\r\n\t            <p>Avalia\u00e7\u00e3o do <br>Conhecimento<\/p>\r\n\t        <\/div>\r\n\t\t\t<a href=\"https:\/\/training.encrypt40.eu\/pt-pt\/courses\/avaliacao-do-conhecimento\/\" target=\"_blank\" class=\"octf-btn octf-btn-secondary octf-btn-icon\">Comece agora <i class=\"flaticon-right-arrow-1\"><\/i><\/a>\r\n\t    <\/div>\r\n\r\n\t    \t\t\t\t<\/div>\n\t\t\t\t<\/div>\n\t\t\t\t\t<\/div>\n\t\t<\/div>\n\t\t\t\t\t<\/div>\n\t\t<\/section>\n\t\t\t\t<\/div>\n\t\t","protected":false},"excerpt":{"rendered":"<p>Laborat\u00f3rio 1 Redes industriais Comece agora Laborat\u00f3rio 2 Amea\u00e7as cibern\u00e9ticas e vulnerabilidades Comece agora Laborat\u00f3rio 3 Hacking \u00e9tico Comece agora Quizzes Avalia\u00e7\u00e3o do Conhecimento Comece agora<\/p>\n","protected":false},"author":1,"featured_media":0,"parent":0,"menu_order":0,"comment_status":"closed","ping_status":"closed","template":"","meta":{"footnotes":""},"class_list":["post-557","page","type-page","status-publish","hentry"],"_links":{"self":[{"href":"https:\/\/training.encrypt40.eu\/pt-pt\/wp-json\/wp\/v2\/pages\/557","targetHints":{"allow":["GET"]}}],"collection":[{"href":"https:\/\/training.encrypt40.eu\/pt-pt\/wp-json\/wp\/v2\/pages"}],"about":[{"href":"https:\/\/training.encrypt40.eu\/pt-pt\/wp-json\/wp\/v2\/types\/page"}],"author":[{"embeddable":true,"href":"https:\/\/training.encrypt40.eu\/pt-pt\/wp-json\/wp\/v2\/users\/1"}],"replies":[{"embeddable":true,"href":"https:\/\/training.encrypt40.eu\/pt-pt\/wp-json\/wp\/v2\/comments?post=557"}],"version-history":[{"count":0,"href":"https:\/\/training.encrypt40.eu\/pt-pt\/wp-json\/wp\/v2\/pages\/557\/revisions"}],"wp:attachment":[{"href":"https:\/\/training.encrypt40.eu\/pt-pt\/wp-json\/wp\/v2\/media?parent=557"}],"curies":[{"name":"wp","href":"https:\/\/api.w.org\/{rel}","templated":true}]}}